{"id":329,"date":"2015-10-21T15:01:42","date_gmt":"2015-10-21T19:01:42","guid":{"rendered":"https:\/\/editionsfonfon.com\/en\/a-propos\/"},"modified":"2026-03-26T08:42:34","modified_gmt":"2026-03-26T12:42:34","slug":"a-propos","status":"publish","type":"page","link":"https:\/\/editionsfonfon.com\/en\/a-propos\/","title":{"rendered":"About us"},"content":{"rendered":"","protected":false},"excerpt":{"rendered":"","protected":false},"author":1,"featured_media":5059,"parent":0,"menu_order":5,"comment_status":"closed","ping_status":"closed","template":"page-apropos.php","meta":{"_acf_changed":false,"footnotes":""},"class_list":["post-329","page","type-page","status-publish","has-post-thumbnail","hentry"],"acf":[],"yoast_head":"<!-- This site is optimized with the Yoast SEO plugin v24.7 - https:\/\/yoast.com\/wordpress\/plugins\/seo\/ -->\n<title>About us - Fonfon<\/title>\n<meta name=\"robots\" content=\"index, follow, max-snippet:-1, max-image-preview:large, max-video-preview:-1\" \/>\n<link rel=\"canonical\" href=\"https:\/\/editionsfonfon.com\/en\/a-propos\/\" \/>\n<meta property=\"og:locale\" content=\"en_US\" \/>\n<meta property=\"og:type\" content=\"article\" \/>\n<meta property=\"og:title\" content=\"About us - Fonfon\" \/>\n<meta property=\"og:url\" content=\"https:\/\/editionsfonfon.com\/en\/a-propos\/\" \/>\n<meta property=\"og:site_name\" content=\"Fonfon\" \/>\n<meta property=\"article:publisher\" content=\"https:\/\/www.facebook.com\/editionsfonfon\/\" \/>\n<meta property=\"article:modified_time\" content=\"2026-03-26T12:42:34+00:00\" \/>\n<meta property=\"og:image\" content=\"https:\/\/editionsfonfon.com\/wp-content\/uploads\/2021\/11\/banniere-a-propos_1980X460.png\" \/>\n\t<meta property=\"og:image:width\" content=\"1980\" \/>\n\t<meta property=\"og:image:height\" content=\"460\" \/>\n\t<meta property=\"og:image:type\" content=\"image\/png\" \/>\n<meta name=\"twitter:card\" content=\"summary_large_image\" \/>\n<meta name=\"twitter:label1\" content=\"Est. reading time\" \/>\n\t<meta name=\"twitter:data1\" content=\"1 minute\" \/>\n<script type=\"application\/ld+json\" class=\"yoast-schema-graph\">{\"@context\":\"https:\/\/schema.org\",\"@graph\":[{\"@type\":\"WebPage\",\"@id\":\"https:\/\/editionsfonfon.com\/en\/a-propos\/\",\"url\":\"https:\/\/editionsfonfon.com\/en\/a-propos\/\",\"name\":\"About us - Fonfon\",\"isPartOf\":{\"@id\":\"https:\/\/editionsfonfon.com\/#website\"},\"primaryImageOfPage\":{\"@id\":\"https:\/\/editionsfonfon.com\/en\/a-propos\/#primaryimage\"},\"image\":{\"@id\":\"https:\/\/editionsfonfon.com\/en\/a-propos\/#primaryimage\"},\"thumbnailUrl\":\"https:\/\/editionsfonfon.com\/wp-content\/uploads\/2021\/11\/banniere-a-propos_1980X460.png\",\"datePublished\":\"2015-10-21T19:01:42+00:00\",\"dateModified\":\"2026-03-26T12:42:34+00:00\",\"breadcrumb\":{\"@id\":\"https:\/\/editionsfonfon.com\/en\/a-propos\/#breadcrumb\"},\"inLanguage\":\"en-US\",\"potentialAction\":[{\"@type\":\"ReadAction\",\"target\":[\"https:\/\/editionsfonfon.com\/en\/a-propos\/\"]}]},{\"@type\":\"ImageObject\",\"inLanguage\":\"en-US\",\"@id\":\"https:\/\/editionsfonfon.com\/en\/a-propos\/#primaryimage\",\"url\":\"https:\/\/editionsfonfon.com\/wp-content\/uploads\/2021\/11\/banniere-a-propos_1980X460.png\",\"contentUrl\":\"https:\/\/editionsfonfon.com\/wp-content\/uploads\/2021\/11\/banniere-a-propos_1980X460.png\",\"width\":1980,\"height\":460},{\"@type\":\"BreadcrumbList\",\"@id\":\"https:\/\/editionsfonfon.com\/en\/a-propos\/#breadcrumb\",\"itemListElement\":[{\"@type\":\"ListItem\",\"position\":1,\"name\":\"Accueil\",\"item\":\"https:\/\/editionsfonfon.com\/en\/\"},{\"@type\":\"ListItem\",\"position\":2,\"name\":\"About us\"}]},{\"@type\":\"WebSite\",\"@id\":\"https:\/\/editionsfonfon.com\/#website\",\"url\":\"https:\/\/editionsfonfon.com\/\",\"name\":\"Fonfon\",\"description\":\"Une maison d\u2019\u00e9dition jeunesse qui publie des albums illustr\u00e9s et des livres d\u00e9di\u00e9s aux premiers lecteurs.\",\"publisher\":{\"@id\":\"https:\/\/editionsfonfon.com\/#organization\"},\"potentialAction\":[{\"@type\":\"SearchAction\",\"target\":{\"@type\":\"EntryPoint\",\"urlTemplate\":\"https:\/\/editionsfonfon.com\/?s={search_term_string}\"},\"query-input\":{\"@type\":\"PropertyValueSpecification\",\"valueRequired\":true,\"valueName\":\"search_term_string\"}}],\"inLanguage\":\"en-US\"},{\"@type\":\"Organization\",\"@id\":\"https:\/\/editionsfonfon.com\/#organization\",\"name\":\"\u00c9ditions Fonfon\",\"url\":\"https:\/\/editionsfonfon.com\/\",\"logo\":{\"@type\":\"ImageObject\",\"inLanguage\":\"en-US\",\"@id\":\"https:\/\/editionsfonfon.com\/#\/schema\/logo\/image\/\",\"url\":\"https:\/\/editionsfonfon.com\/wp-content\/uploads\/2021\/02\/Fonfon_logo.png\",\"contentUrl\":\"https:\/\/editionsfonfon.com\/wp-content\/uploads\/2021\/02\/Fonfon_logo.png\",\"width\":1413,\"height\":765,\"caption\":\"\u00c9ditions Fonfon\"},\"image\":{\"@id\":\"https:\/\/editionsfonfon.com\/#\/schema\/logo\/image\/\"},\"sameAs\":[\"https:\/\/www.facebook.com\/editionsfonfon\/\",\"https:\/\/www.instagram.com\/editionsfonfon\/?hl=fr-ca\",\"https:\/\/www.youtube.com\/channel\/UCCV4q3twfc0yR9uhbks4YcQ\"]}]}<\/script>\n<!-- \/ Yoast SEO plugin. -->","yoast_head_json":{"title":"About us - Fonfon","robots":{"index":"index","follow":"follow","max-snippet":"max-snippet:-1","max-image-preview":"max-image-preview:large","max-video-preview":"max-video-preview:-1"},"canonical":"https:\/\/editionsfonfon.com\/en\/a-propos\/","og_locale":"en_US","og_type":"article","og_title":"About us - Fonfon","og_url":"https:\/\/editionsfonfon.com\/en\/a-propos\/","og_site_name":"Fonfon","article_publisher":"https:\/\/www.facebook.com\/editionsfonfon\/","article_modified_time":"2026-03-26T12:42:34+00:00","og_image":[{"width":1980,"height":460,"url":"https:\/\/editionsfonfon.com\/wp-content\/uploads\/2021\/11\/banniere-a-propos_1980X460.png","type":"image\/png"}],"twitter_card":"summary_large_image","twitter_misc":{"Est. reading time":"1 minute"},"schema":{"@context":"https:\/\/schema.org","@graph":[{"@type":"WebPage","@id":"https:\/\/editionsfonfon.com\/en\/a-propos\/","url":"https:\/\/editionsfonfon.com\/en\/a-propos\/","name":"About us - Fonfon","isPartOf":{"@id":"https:\/\/editionsfonfon.com\/#website"},"primaryImageOfPage":{"@id":"https:\/\/editionsfonfon.com\/en\/a-propos\/#primaryimage"},"image":{"@id":"https:\/\/editionsfonfon.com\/en\/a-propos\/#primaryimage"},"thumbnailUrl":"https:\/\/editionsfonfon.com\/wp-content\/uploads\/2021\/11\/banniere-a-propos_1980X460.png","datePublished":"2015-10-21T19:01:42+00:00","dateModified":"2026-03-26T12:42:34+00:00","breadcrumb":{"@id":"https:\/\/editionsfonfon.com\/en\/a-propos\/#breadcrumb"},"inLanguage":"en-US","potentialAction":[{"@type":"ReadAction","target":["https:\/\/editionsfonfon.com\/en\/a-propos\/"]}]},{"@type":"ImageObject","inLanguage":"en-US","@id":"https:\/\/editionsfonfon.com\/en\/a-propos\/#primaryimage","url":"https:\/\/editionsfonfon.com\/wp-content\/uploads\/2021\/11\/banniere-a-propos_1980X460.png","contentUrl":"https:\/\/editionsfonfon.com\/wp-content\/uploads\/2021\/11\/banniere-a-propos_1980X460.png","width":1980,"height":460},{"@type":"BreadcrumbList","@id":"https:\/\/editionsfonfon.com\/en\/a-propos\/#breadcrumb","itemListElement":[{"@type":"ListItem","position":1,"name":"Accueil","item":"https:\/\/editionsfonfon.com\/en\/"},{"@type":"ListItem","position":2,"name":"About us"}]},{"@type":"WebSite","@id":"https:\/\/editionsfonfon.com\/#website","url":"https:\/\/editionsfonfon.com\/","name":"Fonfon","description":"Une maison d\u2019\u00e9dition jeunesse qui publie des albums illustr\u00e9s et des livres d\u00e9di\u00e9s aux premiers lecteurs.","publisher":{"@id":"https:\/\/editionsfonfon.com\/#organization"},"potentialAction":[{"@type":"SearchAction","target":{"@type":"EntryPoint","urlTemplate":"https:\/\/editionsfonfon.com\/?s={search_term_string}"},"query-input":{"@type":"PropertyValueSpecification","valueRequired":true,"valueName":"search_term_string"}}],"inLanguage":"en-US"},{"@type":"Organization","@id":"https:\/\/editionsfonfon.com\/#organization","name":"\u00c9ditions Fonfon","url":"https:\/\/editionsfonfon.com\/","logo":{"@type":"ImageObject","inLanguage":"en-US","@id":"https:\/\/editionsfonfon.com\/#\/schema\/logo\/image\/","url":"https:\/\/editionsfonfon.com\/wp-content\/uploads\/2021\/02\/Fonfon_logo.png","contentUrl":"https:\/\/editionsfonfon.com\/wp-content\/uploads\/2021\/02\/Fonfon_logo.png","width":1413,"height":765,"caption":"\u00c9ditions Fonfon"},"image":{"@id":"https:\/\/editionsfonfon.com\/#\/schema\/logo\/image\/"},"sameAs":["https:\/\/www.facebook.com\/editionsfonfon\/","https:\/\/www.instagram.com\/editionsfonfon\/?hl=fr-ca","https:\/\/www.youtube.com\/channel\/UCCV4q3twfc0yR9uhbks4YcQ"]}]}},"_links":{"self":[{"href":"https:\/\/editionsfonfon.com\/en\/wp-json\/wp\/v2\/pages\/329","targetHints":{"allow":["GET"]}}],"collection":[{"href":"https:\/\/editionsfonfon.com\/en\/wp-json\/wp\/v2\/pages"}],"about":[{"href":"https:\/\/editionsfonfon.com\/en\/wp-json\/wp\/v2\/types\/page"}],"author":[{"embeddable":true,"href":"https:\/\/editionsfonfon.com\/en\/wp-json\/wp\/v2\/users\/1"}],"replies":[{"embeddable":true,"href":"https:\/\/editionsfonfon.com\/en\/wp-json\/wp\/v2\/comments?post=329"}],"version-history":[{"count":5,"href":"https:\/\/editionsfonfon.com\/en\/wp-json\/wp\/v2\/pages\/329\/revisions"}],"predecessor-version":[{"id":9982,"href":"https:\/\/editionsfonfon.com\/en\/wp-json\/wp\/v2\/pages\/329\/revisions\/9982"}],"wp:featuredmedia":[{"embeddable":true,"href":"https:\/\/editionsfonfon.com\/en\/wp-json\/wp\/v2\/media\/5059"}],"wp:attachment":[{"href":"https:\/\/editionsfonfon.com\/en\/wp-json\/wp\/v2\/media?parent=329"}],"curies":[{"name":"wp","href":"https:\/\/api.w.org\/{rel}","templated":true}]}}